{"id":168,"date":"2022-12-22T00:18:30","date_gmt":"2022-12-22T00:18:30","guid":{"rendered":"https:\/\/brebca2023.web.ua.pt\/?page_id=168"},"modified":"2023-09-13T07:04:08","modified_gmt":"2023-09-13T07:04:08","slug":"contact-us","status":"publish","type":"page","link":"https:\/\/brebca2023.web.ua.pt\/index.php\/contact-us\/","title":{"rendered":"CONTACT"},"content":{"rendered":"\n<p>For general queries please send a message to <a href=\"mailto:brebca2023@gmail.com\">brebca2023@gmail.com<\/a>. You are welcome to&nbsp;contact either Olga Ameixa&nbsp;(local organizer);  Pavel Kindlmann&nbsp;(co-organizer) and Oldrich Nedved (co-organizer) for information relating to the conference.<\/p>\n\n\n\n<p>Olga Ameixa (University of Aveiro, Portugal) \u2013 email:&nbsp;<a href=\"mailto:olga.ameixa@ua.pt\">olga.ameixa@ua.pt<\/a><\/p>\n\n\n\n<p>Pavel Kidlmann (CzechGlobe, CZ)&nbsp;\u2013 email:&nbsp;<a href=\"mailto:pavel.kindlmann@centrum.cz\">pavel.kindlmann@centrum.cz<\/a><\/p>\n\n\n\n<p>Oldrich Nedved (University of&nbsp; South Bohemia in \u010cesk\u00e9 Bud\u011bjovice) &#8211; email: <a href=\"mailto:nedved@prf.jcu.cz\">nedved@prf.jcu.cz<\/a><\/p>\n\n\n\n<p><\/p>\n\n\n\n<p>Website of working group:&nbsp;<a href=\"https:\/\/iobc-wprs.org\/expert-group\/benefits-and-risks-of-exotic-biological-control-agents\/\">https:\/\/iobc-wprs.org\/expert-group\/benefits-and-risks-of-exotic-biological-control-agents\/<\/a><\/p>\n\n\n\n<figure class=\"wp-block-image size-full\"><img decoding=\"async\" loading=\"lazy\" width=\"188\" height=\"250\" src=\"https:\/\/brebca2023.web.ua.pt\/wp-content\/uploads\/2022\/12\/cropped-20230911_meeting_logo_Benefits_and_Risks_of_exotic_BCAs.jpg\" alt=\"\" class=\"wp-image-29\"\/><\/figure>\n","protected":false},"excerpt":{"rendered":"<p>For general queries please send a message to brebca2023@gmail.com. You are welcome to&nbsp;contact either Olga Ameixa&nbsp;(local organizer); Pavel Kindlmann&nbsp;(co-organizer) and Oldrich Nedved (co-organizer) for information relating to the conference. Olga Ameixa (University of Aveiro, Portugal) \u2013 email:&nbsp;olga.ameixa@ua.pt Pavel Kidlmann (CzechGlobe, <a class=\"more-link\" href=\"https:\/\/brebca2023.web.ua.pt\/index.php\/contact-us\/\">Continue reading <span class=\"screen-reader-text\">  CONTACT<\/span><span class=\"meta-nav\">&rarr;<\/span><\/a><\/p>\n","protected":false},"author":3,"featured_media":0,"parent":0,"menu_order":0,"comment_status":"closed","ping_status":"closed","template":"","meta":[],"_links":{"self":[{"href":"https:\/\/brebca2023.web.ua.pt\/index.php\/wp-json\/wp\/v2\/pages\/168"}],"collection":[{"href":"https:\/\/brebca2023.web.ua.pt\/index.php\/wp-json\/wp\/v2\/pages"}],"about":[{"href":"https:\/\/brebca2023.web.ua.pt\/index.php\/wp-json\/wp\/v2\/types\/page"}],"author":[{"embeddable":true,"href":"https:\/\/brebca2023.web.ua.pt\/index.php\/wp-json\/wp\/v2\/users\/3"}],"replies":[{"embeddable":true,"href":"https:\/\/brebca2023.web.ua.pt\/index.php\/wp-json\/wp\/v2\/comments?post=168"}],"version-history":[{"count":8,"href":"https:\/\/brebca2023.web.ua.pt\/index.php\/wp-json\/wp\/v2\/pages\/168\/revisions"}],"predecessor-version":[{"id":1294,"href":"https:\/\/brebca2023.web.ua.pt\/index.php\/wp-json\/wp\/v2\/pages\/168\/revisions\/1294"}],"wp:attachment":[{"href":"https:\/\/brebca2023.web.ua.pt\/index.php\/wp-json\/wp\/v2\/media?parent=168"}],"curies":[{"name":"wp","href":"https:\/\/api.w.org\/{rel}","templated":true}]}}